{"id":2,"date":"2026-05-04T23:28:35","date_gmt":"2026-05-04T23:28:35","guid":{"rendered":"https:\/\/solucionesmultiplataforma.com\/?page_id=2"},"modified":"2026-05-05T21:26:02","modified_gmt":"2026-05-05T21:26:02","slug":"sample-page","status":"publish","type":"page","link":"https:\/\/solucionesmultiplataforma.com\/?page_id=2","title":{"rendered":"Correo y Tel\u00e9fono"},"content":{"rendered":"\n<div class=\"wp-block-media-text is-stacked-on-mobile\" style=\"grid-template-columns:26% auto\"><figure class=\"wp-block-media-text__media\"><img loading=\"lazy\" decoding=\"async\" width=\"512\" height=\"512\" src=\"https:\/\/solucionesmultiplataforma.com\/wp-content\/uploads\/2026\/05\/cropped-imagen_2026-05-04_190800200.png\" alt=\"\" class=\"wp-image-43 size-full\" srcset=\"https:\/\/solucionesmultiplataforma.com\/wp-content\/uploads\/2026\/05\/cropped-imagen_2026-05-04_190800200.png 512w, https:\/\/solucionesmultiplataforma.com\/wp-content\/uploads\/2026\/05\/cropped-imagen_2026-05-04_190800200-300x300.png 300w, https:\/\/solucionesmultiplataforma.com\/wp-content\/uploads\/2026\/05\/cropped-imagen_2026-05-04_190800200-150x150.png 150w, https:\/\/solucionesmultiplataforma.com\/wp-content\/uploads\/2026\/05\/cropped-imagen_2026-05-04_190800200-270x270.png 270w, https:\/\/solucionesmultiplataforma.com\/wp-content\/uploads\/2026\/05\/cropped-imagen_2026-05-04_190800200-192x192.png 192w, https:\/\/solucionesmultiplataforma.com\/wp-content\/uploads\/2026\/05\/cropped-imagen_2026-05-04_190800200-180x180.png 180w, https:\/\/solucionesmultiplataforma.com\/wp-content\/uploads\/2026\/05\/cropped-imagen_2026-05-04_190800200-32x32.png 32w\" sizes=\"auto, (max-width: 512px) 100vw, 512px\" \/><\/figure><div class=\"wp-block-media-text__content\">\n<p class=\"has-text-align-left has-large-font-size\">Si tiene alguna duda t\u00e9cnica o requiere una cotizaci\u00f3n, escr\u00edbanos directamente a <strong>3dnbox.mt@gmail.com<\/strong><\/p>\n\n\n\n<p class=\"has-text-align-left has-large-font-size\">Para seguimiento de proyectos activos, favor de comunicarse v\u00eda <strong>WhatsApp   (6645217183)   <\/strong>para una respuesta m\u00e1s \u00e1gil.<\/p>\n<\/div><\/div>\n\n\n\n<p><\/p>\n","protected":false},"excerpt":{"rendered":"<p>Si tiene alguna duda t\u00e9cnica o requiere una cotizaci\u00f3n, escr\u00edbanos directamente a 3dnbox.mt@gmail.com Para seguimiento de proyectos activos, favor de comunicarse v\u00eda WhatsApp (6645217183) para una respuesta m\u00e1s \u00e1gil.<\/p>\n","protected":false},"author":1,"featured_media":0,"parent":0,"menu_order":0,"comment_status":"closed","ping_status":"open","template":"","meta":{"footnotes":""},"class_list":["post-2","page","type-page","status-publish","hentry"],"_links":{"self":[{"href":"https:\/\/solucionesmultiplataforma.com\/index.php?rest_route=\/wp\/v2\/pages\/2","targetHints":{"allow":["GET"]}}],"collection":[{"href":"https:\/\/solucionesmultiplataforma.com\/index.php?rest_route=\/wp\/v2\/pages"}],"about":[{"href":"https:\/\/solucionesmultiplataforma.com\/index.php?rest_route=\/wp\/v2\/types\/page"}],"author":[{"embeddable":true,"href":"https:\/\/solucionesmultiplataforma.com\/index.php?rest_route=\/wp\/v2\/users\/1"}],"replies":[{"embeddable":true,"href":"https:\/\/solucionesmultiplataforma.com\/index.php?rest_route=%2Fwp%2Fv2%2Fcomments&post=2"}],"version-history":[{"count":3,"href":"https:\/\/solucionesmultiplataforma.com\/index.php?rest_route=\/wp\/v2\/pages\/2\/revisions"}],"predecessor-version":[{"id":76,"href":"https:\/\/solucionesmultiplataforma.com\/index.php?rest_route=\/wp\/v2\/pages\/2\/revisions\/76"}],"wp:attachment":[{"href":"https:\/\/solucionesmultiplataforma.com\/index.php?rest_route=%2Fwp%2Fv2%2Fmedia&parent=2"}],"curies":[{"name":"wp","href":"https:\/\/api.w.org\/{rel}","templated":true}]}}